{"id":78,"date":"2024-08-07T13:05:50","date_gmt":"2024-08-07T18:05:50","guid":{"rendered":"https:\/\/www.aopa.co\/?page_id=78"},"modified":"2024-08-07T13:05:50","modified_gmt":"2024-08-07T18:05:50","slug":"acerca","status":"publish","type":"page","link":"https:\/\/www.aopa.co\/?page_id=78","title":{"rendered":"Acerca"},"content":{"rendered":"\n<div class=\"wp-block-group alignfull has-accent-background-color has-background has-global-padding is-layout-constrained wp-container-core-group-is-layout-669513ed wp-block-group-is-layout-constrained\" style=\"margin-top:0;margin-bottom:0;padding-top:var(--wp--preset--spacing--50);padding-right:var(--wp--preset--spacing--50);padding-bottom:var(--wp--preset--spacing--50);padding-left:var(--wp--preset--spacing--50)\">\n<div class=\"wp-block-columns alignwide is-layout-flex wp-container-core-columns-is-layout-1da03c2a wp-block-columns-is-layout-flex\">\n<div class=\"wp-block-column is-vertically-aligned-stretch is-layout-flow wp-block-column-is-layout-flow\" style=\"flex-basis:50%\">\n<div class=\"wp-block-group is-vertical is-content-justification-stretch is-layout-flex wp-container-core-group-is-layout-444d5ee8 wp-block-group-is-layout-flex\" style=\"min-height:100%\">\n<p class=\"has-heading-font-family has-x-large-font-size\" style=\"line-height:1.2\">Somos una organizaci\u00f3n sin \u00e1nimo de lucro, que agrupa pilotos y propietarios de aeronaves, que son empresarios, m\u00e9dicos, abogados, ingenieros, agricultores o pilotos que desarrollan actividades privadas, deportivas o de su actividad empresarial.<\/p>\n<\/div>\n<\/div>\n\n\n\n<div class=\"wp-block-column is-vertically-aligned-center is-layout-flow wp-block-column-is-layout-flow\" style=\"flex-basis:50%\">\n<figure class=\"wp-block-image size-full is-resized is-style-rounded is-style-rounded--1\"><img loading=\"lazy\" decoding=\"async\" width=\"728\" height=\"1024\" src=\"https:\/\/www.aopa.co\/wp-content\/uploads\/2024\/08\/nub.jpg\" alt=\"\" class=\"wp-image-80\" style=\"aspect-ratio:0.75;object-fit:cover;width:441px;height:auto\" srcset=\"https:\/\/www.aopa.co\/wp-content\/uploads\/2024\/08\/nub.jpg 728w, https:\/\/www.aopa.co\/wp-content\/uploads\/2024\/08\/nub-213x300.jpg 213w\" sizes=\"auto, (max-width: 728px) 100vw, 728px\" \/><\/figure>\n<\/div>\n<\/div>\n<\/div>\n\n\n\n<div class=\"wp-block-group alignfull has-base-background-color has-background has-global-padding is-layout-constrained wp-container-core-group-is-layout-d89aad35 wp-block-group-is-layout-constrained\" style=\"margin-top:0;margin-bottom:0;padding-top:var(--wp--preset--spacing--50);padding-right:var(--wp--preset--spacing--50);padding-bottom:var(--wp--preset--spacing--50);padding-left:var(--wp--preset--spacing--50)\">\n<div class=\"wp-block-columns alignwide is-layout-flex wp-container-core-columns-is-layout-549b0c86 wp-block-columns-is-layout-flex\">\n<div class=\"wp-block-column has-global-padding is-content-justification-left is-layout-constrained wp-container-core-column-is-layout-4f15e8fe wp-block-column-is-layout-constrained\" style=\"flex-basis:40%\">\n<p>\u00a1Buscamos una aviaci\u00f3n responsable en Colombia!<\/p>\n<\/div>\n\n\n\n<div class=\"wp-block-column is-layout-flow wp-container-core-column-is-layout-119bc444 wp-block-column-is-layout-flow\" style=\"flex-basis:60%\">\n<p class=\"has-heading-font-family has-x-large-font-size\" style=\"line-height:1.2\"><em>En AOPA, promovemos una aviaci\u00f3n general en condiciones de seguridad, eficiencia y calidad.\u00a0<\/em><\/p>\n\n\n\n<div class=\"wp-block-columns is-layout-flex wp-container-core-columns-is-layout-87beb0d0 wp-block-columns-is-layout-flex\">\n<div class=\"wp-block-column is-layout-flow wp-block-column-is-layout-flow\">\n<p class=\"wp-container-content-9cfa9a5a\"><em>Trabajamos de manera arm\u00f3nica con las autoridades, para que las normas se ajusten a los par\u00e1metros de la aviaci\u00f3n civil internacional,\u00a0\u00a0de la Constituci\u00f3n Pol\u00edtica Colombiana, y dem\u00e1s normas vigentes concordantes.<\/em><\/p>\n<\/div>\n<\/div>\n<\/div>\n<\/div>\n<\/div>\n\n\n\n<div class=\"wp-block-group alignfull has-accent-5-background-color has-background has-global-padding is-layout-constrained wp-container-core-group-is-layout-d89aad35 wp-block-group-is-layout-constrained\" style=\"margin-top:0;margin-bottom:0;padding-top:var(--wp--preset--spacing--50);padding-right:var(--wp--preset--spacing--50);padding-bottom:var(--wp--preset--spacing--50);padding-left:var(--wp--preset--spacing--50)\">\n<div class=\"wp-block-columns alignwide is-layout-flex wp-container-core-columns-is-layout-1da03c2a wp-block-columns-is-layout-flex\">\n<div class=\"wp-block-column is-vertically-aligned-center is-layout-flow wp-block-column-is-layout-flow\" style=\"flex-basis:60%\">\n<figure class=\"wp-block-image size-full is-style-rounded wp-duotone-duotone-1 is-style-rounded--2\"><img loading=\"lazy\" decoding=\"async\" width=\"1430\" height=\"1334\" src=\"https:\/\/www.aopa.co\/wp-content\/uploads\/2024\/08\/pis.jpg\" alt=\"\" class=\"wp-image-82\" style=\"aspect-ratio:4\/3;object-fit:cover\" srcset=\"https:\/\/www.aopa.co\/wp-content\/uploads\/2024\/08\/pis.jpg 1430w, https:\/\/www.aopa.co\/wp-content\/uploads\/2024\/08\/pis-300x280.jpg 300w, https:\/\/www.aopa.co\/wp-content\/uploads\/2024\/08\/pis-1024x955.jpg 1024w, https:\/\/www.aopa.co\/wp-content\/uploads\/2024\/08\/pis-768x716.jpg 768w\" sizes=\"auto, (max-width: 1430px) 100vw, 1430px\" \/><\/figure>\n<\/div>\n\n\n\n<div class=\"wp-block-column is-layout-flow wp-block-column-is-layout-flow\" style=\"flex-basis:40%\">\n<h2 class=\"wp-block-heading\">\u00a1En AOPA trabajamos por una aviaci\u00f3n libre y para todos!<\/h2>\n<\/div>\n<\/div>\n<\/div>\n","protected":false},"excerpt":{"rendered":"<p>Somos una organizaci\u00f3n sin \u00e1nimo de lucro, que agrupa pilotos y propietarios de aeronaves, que son empresarios, m\u00e9dicos, abogados, ingenieros, agricultores o pilotos que desarrollan actividades privadas, deportivas o de su actividad empresarial. \u00a1Buscamos una aviaci\u00f3n responsable en Colombia! En AOPA, promovemos una aviaci\u00f3n general en condiciones de seguridad, eficiencia y calidad.\u00a0 Trabajamos de manera [&hellip;]<\/p>\n","protected":false},"author":1,"featured_media":79,"parent":0,"menu_order":0,"comment_status":"closed","ping_status":"closed","template":"","meta":{"footnotes":""},"class_list":["post-78","page","type-page","status-publish","has-post-thumbnail","hentry"],"_links":{"self":[{"href":"https:\/\/www.aopa.co\/index.php?rest_route=\/wp\/v2\/pages\/78","targetHints":{"allow":["GET"]}}],"collection":[{"href":"https:\/\/www.aopa.co\/index.php?rest_route=\/wp\/v2\/pages"}],"about":[{"href":"https:\/\/www.aopa.co\/index.php?rest_route=\/wp\/v2\/types\/page"}],"author":[{"embeddable":true,"href":"https:\/\/www.aopa.co\/index.php?rest_route=\/wp\/v2\/users\/1"}],"replies":[{"embeddable":true,"href":"https:\/\/www.aopa.co\/index.php?rest_route=%2Fwp%2Fv2%2Fcomments&post=78"}],"version-history":[{"count":1,"href":"https:\/\/www.aopa.co\/index.php?rest_route=\/wp\/v2\/pages\/78\/revisions"}],"predecessor-version":[{"id":83,"href":"https:\/\/www.aopa.co\/index.php?rest_route=\/wp\/v2\/pages\/78\/revisions\/83"}],"wp:featuredmedia":[{"embeddable":true,"href":"https:\/\/www.aopa.co\/index.php?rest_route=\/wp\/v2\/media\/79"}],"wp:attachment":[{"href":"https:\/\/www.aopa.co\/index.php?rest_route=%2Fwp%2Fv2%2Fmedia&parent=78"}],"curies":[{"name":"wp","href":"https:\/\/api.w.org\/{rel}","templated":true}]}}