{"id":73,"date":"2024-08-07T12:15:59","date_gmt":"2024-08-07T17:15:59","guid":{"rendered":"https:\/\/www.aopa.co\/?page_id=73"},"modified":"2024-09-14T17:11:45","modified_gmt":"2024-09-14T22:11:45","slug":"enlaces","status":"publish","type":"page","link":"https:\/\/www.aopa.co\/?page_id=73","title":{"rendered":"Enlaces"},"content":{"rendered":"\n<div style=\"height:var(--wp--preset--spacing--50)\" aria-hidden=\"true\" class=\"wp-block-spacer\"><\/div>\n\n\n\n<div class=\"wp-block-group alignwide has-global-padding is-layout-constrained wp-block-group-is-layout-constrained\">\n<h1 class=\"wp-block-heading alignwide has-xx-large-font-size\" style=\"line-height:1.2\">Enlaces de inter\u00e9s.<\/h1>\n<\/div>\n\n\n\n<div class=\"wp-block-group alignfull has-global-padding is-layout-constrained wp-container-core-group-is-layout-0747478d wp-block-group-is-layout-constrained\" style=\"padding-top:var(--wp--preset--spacing--50);padding-right:var(--wp--preset--spacing--50);padding-bottom:var(--wp--preset--spacing--50);padding-left:var(--wp--preset--spacing--50)\">\n<div class=\"wp-block-columns alignwide is-layout-flex wp-container-core-columns-is-layout-ff4b9c61 wp-block-columns-is-layout-flex\" style=\"margin-top:0;margin-bottom:0\">\n<div class=\"wp-block-column is-layout-flow wp-container-core-column-is-layout-8a368f38 wp-block-column-is-layout-flow\">\n<div class=\"wp-block-query is-layout-flow wp-block-query-is-layout-flow\">\n<p><a href=\"https:\/\/www.aopa.org\" data-type=\"link\" data-id=\"https:\/\/www.aopa.org\">AOPA Internacional<\/a><\/p>\n<\/div>\n\n\n\n<div style=\"height:var(--wp--preset--spacing--50)\" aria-hidden=\"true\" class=\"wp-block-spacer\"><\/div>\n\n\n\n<p><a href=\"https:\/\/www.aeroccidente.com\" data-type=\"link\" data-id=\"https:\/\/www.aeroccidente.com\">Aeroccidente Escuela de aviaci\u00f3n.<\/a><\/p>\n\n\n\n<div style=\"height:var(--wp--preset--spacing--50)\" aria-hidden=\"true\" class=\"wp-block-spacer\"><\/div>\n\n\n\n<p>Homenaje a <a href=\"https:\/\/www.aopa.co\/?page_id=148\" data-type=\"page\" data-id=\"148\">Oscar Gallo<\/a><\/p>\n<\/div>\n\n\n\n<div class=\"wp-block-column is-layout-flow wp-container-core-column-is-layout-8736a895 wp-block-column-is-layout-flow\" style=\"padding-top:0\">\n<div style=\"height:var(--wp--preset--spacing--50)\" aria-hidden=\"true\" class=\"wp-block-spacer\"><\/div>\n\n\n\n<div class=\"wp-block-query is-layout-flow wp-block-query-is-layout-flow\">\n<p>Art\u00edculo de La Rep\u00fablica que trata temas de inter\u00e9s acerca del proyecto <a href=\"https:\/\/www.larepublica.co\/empresas\/el-proyecto-lagos-de-torca-al-norte-de-bogota-tiene-en-disputa-a-aopa-con-amarilo-3891702\">Lagos de Torca<\/a> al norte de Bogot\u00e1.  <\/p>\n<\/div>\n\n\n\n<div style=\"height:var(--wp--preset--spacing--50)\" aria-hidden=\"true\" class=\"wp-block-spacer\"><\/div>\n<\/div>\n\n\n\n<div class=\"wp-block-column is-layout-flow wp-container-core-column-is-layout-8a368f38 wp-block-column-is-layout-flow\">\n<div class=\"wp-block-query is-layout-flow wp-block-query-is-layout-flow\">\n<p>Caracol informa acerca de la <a href=\"https:\/\/caracol.com.co\/2024\/06\/19\/aopa-contradice-a-amarilo-por-irregularidades-en-informacion-del-proyecto-el-roble\/\">pol\u00e9mica entre Amarilo y AOPA.<\/a><\/p>\n<\/div>\n<\/div>\n\n\n\n<div class=\"wp-block-column is-layout-flow wp-container-core-column-is-layout-8736a895 wp-block-column-is-layout-flow\" style=\"padding-top:0\">\n<div style=\"height:var(--wp--preset--spacing--50)\" aria-hidden=\"true\" class=\"wp-block-spacer\"><\/div>\n\n\n\n<div class=\"wp-block-query is-layout-flow wp-block-query-is-layout-flow\">\n<p>Directorio de <a href=\"https:\/\/www.aerocivil.gov.co\/atencion\/estructura\/Pages\/directorio-de-agremiaciones-y-asociaciones.aspx\">gremios<\/a> en Aerocivil<\/p>\n<\/div>\n\n\n\n<div style=\"height:var(--wp--preset--spacing--50)\" aria-hidden=\"true\" class=\"wp-block-spacer\"><\/div>\n<\/div>\n<\/div>\n<\/div>\n\n\n\n<p><\/p>\n","protected":false},"excerpt":{"rendered":"<p>Enlaces de inter\u00e9s. Aeroccidente Escuela de aviaci\u00f3n. Homenaje a Oscar Gallo<\/p>\n","protected":false},"author":1,"featured_media":74,"parent":0,"menu_order":0,"comment_status":"closed","ping_status":"closed","template":"","meta":{"footnotes":""},"class_list":["post-73","page","type-page","status-publish","has-post-thumbnail","hentry"],"_links":{"self":[{"href":"https:\/\/www.aopa.co\/index.php?rest_route=\/wp\/v2\/pages\/73","targetHints":{"allow":["GET"]}}],"collection":[{"href":"https:\/\/www.aopa.co\/index.php?rest_route=\/wp\/v2\/pages"}],"about":[{"href":"https:\/\/www.aopa.co\/index.php?rest_route=\/wp\/v2\/types\/page"}],"author":[{"embeddable":true,"href":"https:\/\/www.aopa.co\/index.php?rest_route=\/wp\/v2\/users\/1"}],"replies":[{"embeddable":true,"href":"https:\/\/www.aopa.co\/index.php?rest_route=%2Fwp%2Fv2%2Fcomments&post=73"}],"version-history":[{"count":5,"href":"https:\/\/www.aopa.co\/index.php?rest_route=\/wp\/v2\/pages\/73\/revisions"}],"predecessor-version":[{"id":154,"href":"https:\/\/www.aopa.co\/index.php?rest_route=\/wp\/v2\/pages\/73\/revisions\/154"}],"wp:featuredmedia":[{"embeddable":true,"href":"https:\/\/www.aopa.co\/index.php?rest_route=\/wp\/v2\/media\/74"}],"wp:attachment":[{"href":"https:\/\/www.aopa.co\/index.php?rest_route=%2Fwp%2Fv2%2Fmedia&parent=73"}],"curies":[{"name":"wp","href":"https:\/\/api.w.org\/{rel}","templated":true}]}}