{"id":26,"date":"2024-08-04T15:58:57","date_gmt":"2024-08-04T20:58:57","guid":{"rendered":"http:\/\/www.aopa.co\/?page_id=26"},"modified":"2024-08-04T21:41:35","modified_gmt":"2024-08-05T02:41:35","slug":"activismo","status":"publish","type":"page","link":"https:\/\/www.aopa.co\/?page_id=26","title":{"rendered":"Activismo"},"content":{"rendered":"\n<div style=\"height:var(--wp--preset--spacing--50)\" aria-hidden=\"true\" class=\"wp-block-spacer\"><\/div>\n\n\n\n<div class=\"wp-block-group alignwide has-global-padding is-layout-constrained wp-block-group-is-layout-constrained\">\n<h1 class=\"wp-block-heading alignwide has-text-align-center has-xx-large-font-size\" style=\"line-height:1.2\">AOPA Colombia es la voz de la aviaci\u00f3n general en nuestro pa\u00eds. Protegemos la libertad de volar y mejoramos t\u00fa experiencia de vuelo. \u00danete a nosotros.<\/h1>\n<\/div>\n\n\n\n<div class=\"wp-block-group alignfull has-global-padding is-layout-constrained wp-container-core-group-is-layout-0747478d wp-block-group-is-layout-constrained\" style=\"padding-top:var(--wp--preset--spacing--50);padding-right:var(--wp--preset--spacing--50);padding-bottom:var(--wp--preset--spacing--50);padding-left:var(--wp--preset--spacing--50)\">\n<div class=\"wp-block-columns alignwide is-layout-flex wp-container-core-columns-is-layout-ff4b9c61 wp-block-columns-is-layout-flex\" style=\"margin-top:0;margin-bottom:0\">\n<div class=\"wp-block-column is-layout-flow wp-container-core-column-is-layout-8a368f38 wp-block-column-is-layout-flow\">\n<p class=\"has-text-align-center\">Buscamos un mejor ambiente regulatorio.<\/p>\n\n\n\n<p class=\"has-text-align-center\">Trabajamos para promover el turismo responsable.<\/p>\n<\/div>\n\n\n\n<div class=\"wp-block-column is-layout-flow wp-container-core-column-is-layout-8736a895 wp-block-column-is-layout-flow\" style=\"padding-top:0\">\n<div style=\"height:var(--wp--preset--spacing--50)\" aria-hidden=\"true\" class=\"wp-block-spacer\"><\/div>\n\n\n\n<p class=\"has-text-align-center\">AOPA Colombia trabaja para promover la aviaci\u00f3n general y protegerla de quienes elaboran las normas y no conocen la actividad aeron\u00e1utica, su importancia e impacto en la din\u00e1mica del pa\u00eds.<\/p>\n<\/div>\n\n\n\n<div class=\"wp-block-column is-layout-flow wp-container-core-column-is-layout-8a368f38 wp-block-column-is-layout-flow\">\n<p class=\"has-text-align-center\">Buscamos volver a Colombia un destino atractivo para la aviaci\u00f3n general. Amigable f\u00e1cil y libre de costos innecesarios.<\/p>\n<\/div>\n\n\n\n<div class=\"wp-block-column is-layout-flow wp-container-core-column-is-layout-8736a895 wp-block-column-is-layout-flow\" style=\"padding-top:0\">\n<div style=\"height:var(--wp--preset--spacing--50)\" aria-hidden=\"true\" class=\"wp-block-spacer\"><\/div>\n\n\n\n<p class=\"has-text-align-center\">Trabajamos para que m\u00e1s gente se involucre en la aviaci\u00f3n y motivarlos a convertirse en pilotos.<\/p>\n<\/div>\n<\/div>\n<\/div>\n","protected":false},"excerpt":{"rendered":"<p>AOPA Colombia es la voz de la aviaci\u00f3n general en nuestro pa\u00eds. Protegemos la libertad de volar y mejoramos t\u00fa experiencia de vuelo. \u00danete a nosotros. Buscamos un mejor ambiente regulatorio. Trabajamos para promover el turismo responsable. AOPA Colombia trabaja para promover la aviaci\u00f3n general y protegerla de quienes elaboran las normas y no conocen [&hellip;]<\/p>\n","protected":false},"author":1,"featured_media":55,"parent":0,"menu_order":0,"comment_status":"closed","ping_status":"closed","template":"","meta":{"footnotes":""},"class_list":["post-26","page","type-page","status-publish","has-post-thumbnail","hentry"],"_links":{"self":[{"href":"https:\/\/www.aopa.co\/index.php?rest_route=\/wp\/v2\/pages\/26","targetHints":{"allow":["GET"]}}],"collection":[{"href":"https:\/\/www.aopa.co\/index.php?rest_route=\/wp\/v2\/pages"}],"about":[{"href":"https:\/\/www.aopa.co\/index.php?rest_route=\/wp\/v2\/types\/page"}],"author":[{"embeddable":true,"href":"https:\/\/www.aopa.co\/index.php?rest_route=\/wp\/v2\/users\/1"}],"replies":[{"embeddable":true,"href":"https:\/\/www.aopa.co\/index.php?rest_route=%2Fwp%2Fv2%2Fcomments&post=26"}],"version-history":[{"count":11,"href":"https:\/\/www.aopa.co\/index.php?rest_route=\/wp\/v2\/pages\/26\/revisions"}],"predecessor-version":[{"id":67,"href":"https:\/\/www.aopa.co\/index.php?rest_route=\/wp\/v2\/pages\/26\/revisions\/67"}],"wp:featuredmedia":[{"embeddable":true,"href":"https:\/\/www.aopa.co\/index.php?rest_route=\/wp\/v2\/media\/55"}],"wp:attachment":[{"href":"https:\/\/www.aopa.co\/index.php?rest_route=%2Fwp%2Fv2%2Fmedia&parent=26"}],"curies":[{"name":"wp","href":"https:\/\/api.w.org\/{rel}","templated":true}]}}