{"id":23,"date":"2024-08-04T15:37:24","date_gmt":"2024-08-04T20:37:24","guid":{"rendered":"http:\/\/www.aopa.co\/?page_id=23"},"modified":"2024-09-14T19:36:46","modified_gmt":"2024-09-15T00:36:46","slug":"eventos","status":"publish","type":"page","link":"https:\/\/www.aopa.co\/?page_id=23","title":{"rendered":"Eventos"},"content":{"rendered":"\n<div class=\"wp-block-group alignfull has-base-background-color has-background has-global-padding is-layout-constrained wp-container-core-group-is-layout-d89aad35 wp-block-group-is-layout-constrained\" style=\"margin-top:0;margin-bottom:0;padding-top:var(--wp--preset--spacing--50);padding-right:var(--wp--preset--spacing--50);padding-bottom:var(--wp--preset--spacing--50);padding-left:var(--wp--preset--spacing--50)\">\n<div class=\"wp-block-columns alignwide is-layout-flex wp-container-core-columns-is-layout-549b0c86 wp-block-columns-is-layout-flex\">\n<div class=\"wp-block-column has-global-padding is-content-justification-left is-layout-constrained wp-container-core-column-is-layout-4f15e8fe wp-block-column-is-layout-constrained\" style=\"flex-basis:40%\">\n<p><\/p>\n<\/div>\n\n\n\n<div class=\"wp-block-column is-layout-flow wp-container-core-column-is-layout-119bc444 wp-block-column-is-layout-flow\" style=\"flex-basis:60%\">\n<p class=\"has-heading-font-family has-x-large-font-size\" style=\"line-height:1.2\">\u00a1Gracias!<\/p>\n\n\n\n<p>\u00a1Gracias por hacer del AOPA Fly-In Cartago 2024 un \u00e9xito! <a href=\"https:\/\/www.aopa.co\/?page_id=140\" data-type=\"page\" data-id=\"140\">Informe de Actividades y Encuesta de Satisfacci\u00f3n<\/a><\/p>\n\n\n\n<div class=\"wp-block-columns is-layout-flex wp-container-core-columns-is-layout-87beb0d0 wp-block-columns-is-layout-flex\">\n<div class=\"wp-block-column is-layout-flow wp-block-column-is-layout-flow\">\n<p class=\"wp-container-content-9cfa9a5a\"><\/p>\n\n\n\n<p><\/p>\n<\/div>\n\n\n\n<div class=\"wp-block-column is-layout-flow wp-block-column-is-layout-flow\">\n<p><\/p>\n<\/div>\n<\/div>\n<\/div>\n<\/div>\n<\/div>\n\n\n\n<p>SunNFun 2024<\/p>\n\n\n\n<p>Una nutrida delegaci\u00f3n colombiana visit\u00f3 este evento<\/p>\n\n\n\n<figure class=\"wp-block-image size-large\"><img loading=\"lazy\" decoding=\"async\" width=\"1024\" height=\"526\" src=\"https:\/\/www.aopa.co\/wp-content\/uploads\/2024\/08\/aopasnf-1024x526.jpeg\" alt=\"\" class=\"wp-image-60\" srcset=\"https:\/\/www.aopa.co\/wp-content\/uploads\/2024\/08\/aopasnf-1024x526.jpeg 1024w, https:\/\/www.aopa.co\/wp-content\/uploads\/2024\/08\/aopasnf-300x154.jpeg 300w, https:\/\/www.aopa.co\/wp-content\/uploads\/2024\/08\/aopasnf-768x395.jpeg 768w, https:\/\/www.aopa.co\/wp-content\/uploads\/2024\/08\/aopasnf-1536x790.jpeg 1536w, https:\/\/www.aopa.co\/wp-content\/uploads\/2024\/08\/aopasnf-2048x1053.jpeg 2048w\" sizes=\"auto, (max-width: 1024px) 100vw, 1024px\" \/><\/figure>\n","protected":false},"excerpt":{"rendered":"<p>\u00a1Gracias! \u00a1Gracias por hacer del AOPA Fly-In Cartago 2024 un \u00e9xito! Informe de Actividades y Encuesta de Satisfacci\u00f3n SunNFun 2024 Una nutrida delegaci\u00f3n colombiana visit\u00f3 este evento<\/p>\n","protected":false},"author":1,"featured_media":137,"parent":0,"menu_order":0,"comment_status":"closed","ping_status":"closed","template":"","meta":{"footnotes":""},"class_list":["post-23","page","type-page","status-publish","has-post-thumbnail","hentry"],"_links":{"self":[{"href":"https:\/\/www.aopa.co\/index.php?rest_route=\/wp\/v2\/pages\/23","targetHints":{"allow":["GET"]}}],"collection":[{"href":"https:\/\/www.aopa.co\/index.php?rest_route=\/wp\/v2\/pages"}],"about":[{"href":"https:\/\/www.aopa.co\/index.php?rest_route=\/wp\/v2\/types\/page"}],"author":[{"embeddable":true,"href":"https:\/\/www.aopa.co\/index.php?rest_route=\/wp\/v2\/users\/1"}],"replies":[{"embeddable":true,"href":"https:\/\/www.aopa.co\/index.php?rest_route=%2Fwp%2Fv2%2Fcomments&post=23"}],"version-history":[{"count":11,"href":"https:\/\/www.aopa.co\/index.php?rest_route=\/wp\/v2\/pages\/23\/revisions"}],"predecessor-version":[{"id":155,"href":"https:\/\/www.aopa.co\/index.php?rest_route=\/wp\/v2\/pages\/23\/revisions\/155"}],"wp:featuredmedia":[{"embeddable":true,"href":"https:\/\/www.aopa.co\/index.php?rest_route=\/wp\/v2\/media\/137"}],"wp:attachment":[{"href":"https:\/\/www.aopa.co\/index.php?rest_route=%2Fwp%2Fv2%2Fmedia&parent=23"}],"curies":[{"name":"wp","href":"https:\/\/api.w.org\/{rel}","templated":true}]}}