{"id":156,"date":"2024-09-22T11:04:54","date_gmt":"2024-09-22T16:04:54","guid":{"rendered":"https:\/\/www.aopa.co\/?page_id=156"},"modified":"2024-09-22T11:12:58","modified_gmt":"2024-09-22T16:12:58","slug":"noticias","status":"publish","type":"page","link":"https:\/\/www.aopa.co\/?page_id=156","title":{"rendered":"Noticias"},"content":{"rendered":"\n<div class=\"wp-block-group alignfull has-base-2-background-color has-background has-global-padding is-layout-constrained wp-container-core-group-is-layout-669513ed wp-block-group-is-layout-constrained\" style=\"margin-top:0;margin-bottom:0;padding-top:var(--wp--preset--spacing--50);padding-right:var(--wp--preset--spacing--50);padding-bottom:var(--wp--preset--spacing--50);padding-left:var(--wp--preset--spacing--50)\">\n<div class=\"wp-block-columns alignwide is-layout-flex wp-container-core-columns-is-layout-d0bbbce0 wp-block-columns-is-layout-flex\">\n<div class=\"wp-block-column is-layout-flow wp-container-core-column-is-layout-e3d1c41b wp-block-column-is-layout-flow\">\n<h3 class=\"wp-block-heading has-text-align-left is-style-asterisk has-body-font-family has-medium-font-size\" style=\"font-style:normal;font-weight:600\">Aerocivil particip\u00f3 en el Fly-In.<\/h3>\n\n\n\n<p class=\"has-text-align-left\">La Aerocivil hace <a href=\"https:\/\/aerored-aeronautica-civil-de-colombia.mailchimpsites.com\/descubre\">menci\u00f3n<\/a> del pasado evento de Cartago.<\/p>\n<\/div>\n\n\n\n<div class=\"wp-block-column is-layout-flow wp-container-core-column-is-layout-e3d1c41b wp-block-column-is-layout-flow\">\n<h3 class=\"wp-block-heading has-text-align-left is-style-asterisk has-body-font-family has-medium-font-size\" style=\"font-style:normal;font-weight:600\">Entrevista AeroErmo<\/h3>\n\n\n\n<p class=\"has-text-align-left\">La revista AeroErmo <a href=\"https:\/\/youtu.be\/erFwUUYE4Qg\">entrevist\u00f3 a Monica Delgado<\/a>, organizadora del Cartago Fly In 2024.<\/p>\n<\/div>\n\n\n\n<div class=\"wp-block-column is-layout-flow wp-container-core-column-is-layout-e3d1c41b wp-block-column-is-layout-flow\">\n<h3 class=\"wp-block-heading has-text-align-left is-style-asterisk has-body-font-family has-medium-font-size\" style=\"font-style:normal;font-weight:600\">Demo Tour Aviaservice<\/h3>\n\n\n\n<figure class=\"wp-block-image size-full\"><img loading=\"lazy\" decoding=\"async\" width=\"1131\" height=\"1600\" src=\"https:\/\/www.aopa.co\/wp-content\/uploads\/2024\/09\/AVIASERVICE.jpg\" alt=\"\" class=\"wp-image-161\" srcset=\"https:\/\/www.aopa.co\/wp-content\/uploads\/2024\/09\/AVIASERVICE.jpg 1131w, https:\/\/www.aopa.co\/wp-content\/uploads\/2024\/09\/AVIASERVICE-768x1086.jpg 768w, https:\/\/www.aopa.co\/wp-content\/uploads\/2024\/09\/AVIASERVICE-1086x1536.jpg 1086w\" sizes=\"auto, (max-width: 1131px) 100vw, 1131px\" \/><\/figure>\n<\/div>\n<\/div>\n\n\n\n<div style=\"height:var(--wp--preset--spacing--20)\" aria-hidden=\"true\" class=\"wp-block-spacer\"><\/div>\n<\/div>\n","protected":false},"excerpt":{"rendered":"<p>Aerocivil particip\u00f3 en el Fly-In. La Aerocivil hace menci\u00f3n del pasado evento de Cartago. Entrevista AeroErmo La revista AeroErmo entrevist\u00f3 a Monica Delgado, organizadora del Cartago Fly In 2024. Demo Tour Aviaservice<\/p>\n","protected":false},"author":1,"featured_media":157,"parent":0,"menu_order":0,"comment_status":"closed","ping_status":"closed","template":"","meta":{"footnotes":""},"class_list":["post-156","page","type-page","status-publish","has-post-thumbnail","hentry"],"_links":{"self":[{"href":"https:\/\/www.aopa.co\/index.php?rest_route=\/wp\/v2\/pages\/156","targetHints":{"allow":["GET"]}}],"collection":[{"href":"https:\/\/www.aopa.co\/index.php?rest_route=\/wp\/v2\/pages"}],"about":[{"href":"https:\/\/www.aopa.co\/index.php?rest_route=\/wp\/v2\/types\/page"}],"author":[{"embeddable":true,"href":"https:\/\/www.aopa.co\/index.php?rest_route=\/wp\/v2\/users\/1"}],"replies":[{"embeddable":true,"href":"https:\/\/www.aopa.co\/index.php?rest_route=%2Fwp%2Fv2%2Fcomments&post=156"}],"version-history":[{"count":3,"href":"https:\/\/www.aopa.co\/index.php?rest_route=\/wp\/v2\/pages\/156\/revisions"}],"predecessor-version":[{"id":163,"href":"https:\/\/www.aopa.co\/index.php?rest_route=\/wp\/v2\/pages\/156\/revisions\/163"}],"wp:featuredmedia":[{"embeddable":true,"href":"https:\/\/www.aopa.co\/index.php?rest_route=\/wp\/v2\/media\/157"}],"wp:attachment":[{"href":"https:\/\/www.aopa.co\/index.php?rest_route=%2Fwp%2Fv2%2Fmedia&parent=156"}],"curies":[{"name":"wp","href":"https:\/\/api.w.org\/{rel}","templated":true}]}}