{"id":140,"date":"2024-09-14T11:41:46","date_gmt":"2024-09-14T16:41:46","guid":{"rendered":"https:\/\/www.aopa.co\/?page_id=140"},"modified":"2024-09-14T12:10:57","modified_gmt":"2024-09-14T17:10:57","slug":"gracias","status":"publish","type":"page","link":"https:\/\/www.aopa.co\/?page_id=140","title":{"rendered":"\u00a1Gracias!"},"content":{"rendered":"\n<div class=\"wp-block-group alignfull has-accent-3-background-color has-background is-vertical is-content-justification-center is-layout-flex wp-container-core-group-is-layout-623b1cb9 wp-block-group-is-layout-flex\" style=\"min-height:100vh;margin-top:0;margin-bottom:0;padding-top:var(--wp--preset--spacing--60);padding-right:var(--wp--preset--spacing--50);padding-bottom:var(--wp--preset--spacing--60);padding-left:var(--wp--preset--spacing--50)\">\n<div class=\"wp-block-group has-global-padding is-layout-constrained wp-block-group-is-layout-constrained\">\n<div style=\"height:var(--wp--preset--spacing--10)\" aria-hidden=\"true\" class=\"wp-block-spacer\"><\/div>\n\n\n\n<h2 class=\"wp-block-heading has-text-align-center has-contrast-color has-text-color has-link-color has-x-large-font-size wp-elements-7c7229d637d2d7142f08ce121462dacd\" style=\"margin-right:0;margin-left:0;padding-right:0;padding-left:0\"><strong>Queridos expositores&nbsp;<\/strong><strong>participantes&nbsp;<\/strong><strong>y amigos<\/strong><strong>,<\/strong><\/h2>\n\n\n\n<p>\u00a1No tenemos palabras para expresar lo agradecidos que estamos por su incre\u00edble apoyo en el&nbsp;<strong>AOPA Fly-In Cartago 2024<\/strong>! Este evento no habr\u00eda sido posible sin la energ\u00eda, la pasi\u00f3n y el compromiso de cada uno de ustedes. Fue un verdadero honor contar con su presencia y participaci\u00f3n, y ver c\u00f3mo juntos impulsamos la aviaci\u00f3n a nuevas alturas.<\/p>\n\n\n\n<p>Adjunto a este correo les enviamos el\u00a0<strong><a href=\"https:\/\/www.aopa.co\/wp-content\/uploads\/2024\/09\/Informe.pdf\">Informe de Actividades<\/a><\/strong>, donde podr\u00e1n ver reflejado todo lo que logramos juntos en este extraordinario encuentro. Adem\u00e1s, hemos preparado una\u00a0<strong><a href=\"https:\/\/forms.gle\/svJMunTU1ccMzqyi7\">Encuesta de Satisfacci\u00f3n<\/a><\/strong>\u00a0para escuchar sus valiosas opiniones. Su feedback es esencial para que sigamos mejorando y haciendo de futuros Fly-Ins experiencias a\u00fan m\u00e1s inolvidables.<\/p>\n\n\n\n<p>Encuesta de satisfacci\u00f3n<\/p>\n\n\n\n<div class=\"wp-block-buttons is-content-justification-center is-layout-flex wp-container-core-buttons-is-layout-a89b3969 wp-block-buttons-is-layout-flex\">\n<div class=\"wp-block-button\"><a class=\"wp-block-button__link wp-element-button\" href=\"https:\/\/forms.gle\/svJMunTU1ccMzqyi7\">Encuesta<\/a><\/div>\n<\/div>\n\n\n\n<p>Estamos profundamente agradecidos por el tiempo y el esfuerzo que dedicaron al evento, y esperamos con ansias volver a verlos en futuras ediciones, donde seguiremos construyendo una comunidad aeron\u00e1utica m\u00e1s fuerte y unida.<\/p>\n\n\n\n<p>\u00a1Gracias nuevamente por ser parte de esta maravillosa aventura! \u00a1El cielo es el l\u00edmite, y juntos seguiremos volando alto!<\/p>\n\n\n\n<p><strong>Con afecto y gratitud,<\/strong><\/p>\n\n\n\n<p class=\"has-text-align-center\"><strong>Equipo&nbsp;<\/strong><strong>AOPA Fly-In Cartago 2024<\/strong><\/p>\n\n\n\n<div style=\"height:var(--wp--preset--spacing--10)\" aria-hidden=\"true\" class=\"wp-block-spacer\"><\/div>\n<\/div>\n<\/div>\n","protected":false},"excerpt":{"rendered":"<p>Queridos expositores&nbsp;participantes&nbsp;y amigos, \u00a1No tenemos palabras para expresar lo agradecidos que estamos por su incre\u00edble apoyo en el&nbsp;AOPA Fly-In Cartago 2024! Este evento no habr\u00eda sido posible sin la energ\u00eda, la pasi\u00f3n y el compromiso de cada uno de ustedes. Fue un verdadero honor contar con su presencia y participaci\u00f3n, y ver c\u00f3mo juntos impulsamos [&hellip;]<\/p>\n","protected":false},"author":1,"featured_media":105,"parent":0,"menu_order":0,"comment_status":"closed","ping_status":"closed","template":"","meta":{"footnotes":""},"class_list":["post-140","page","type-page","status-publish","has-post-thumbnail","hentry"],"_links":{"self":[{"href":"https:\/\/www.aopa.co\/index.php?rest_route=\/wp\/v2\/pages\/140","targetHints":{"allow":["GET"]}}],"collection":[{"href":"https:\/\/www.aopa.co\/index.php?rest_route=\/wp\/v2\/pages"}],"about":[{"href":"https:\/\/www.aopa.co\/index.php?rest_route=\/wp\/v2\/types\/page"}],"author":[{"embeddable":true,"href":"https:\/\/www.aopa.co\/index.php?rest_route=\/wp\/v2\/users\/1"}],"replies":[{"embeddable":true,"href":"https:\/\/www.aopa.co\/index.php?rest_route=%2Fwp%2Fv2%2Fcomments&post=140"}],"version-history":[{"count":2,"href":"https:\/\/www.aopa.co\/index.php?rest_route=\/wp\/v2\/pages\/140\/revisions"}],"predecessor-version":[{"id":147,"href":"https:\/\/www.aopa.co\/index.php?rest_route=\/wp\/v2\/pages\/140\/revisions\/147"}],"wp:featuredmedia":[{"embeddable":true,"href":"https:\/\/www.aopa.co\/index.php?rest_route=\/wp\/v2\/media\/105"}],"wp:attachment":[{"href":"https:\/\/www.aopa.co\/index.php?rest_route=%2Fwp%2Fv2%2Fmedia&parent=140"}],"curies":[{"name":"wp","href":"https:\/\/api.w.org\/{rel}","templated":true}]}}